{"id":32,"date":"2011-12-03T19:44:43","date_gmt":"2011-12-03T18:44:43","guid":{"rendered":"\/?page_id=32"},"modified":"2022-05-04T20:06:55","modified_gmt":"2022-05-04T20:06:55","slug":"calendar-2","status":"publish","type":"page","link":"https:\/\/parkpravikov.cz\/es\/calendar-2\/","title":{"rendered":"Kalend\u00e1\u0159 akc\u00ed"},"content":{"rendered":"<div data-elementor-type=\"wp-page\" data-elementor-id=\"32\" class=\"elementor elementor-32\" data-elementor-settings=\"[]\">\r\n\t\t\t\t\t\t<div class=\"elementor-inner\">\r\n\t\t\t\t\t\t\t<div class=\"elementor-section-wrap\">\r\n\t\t\t\t\t\t\t<section class=\"elementor-section elementor-top-section elementor-element elementor-element-518601f elementor-section-boxed elementor-section-height-default elementor-section-height-default\" data-id=\"518601f\" data-element_type=\"section\">\r\n\t\t\t\t\t\t<div class=\"elementor-container elementor-column-gap-default\">\r\n\t\t\t\t\t\t\t<div class=\"elementor-row\">\r\n\t\t\t\t\t<div class=\"elementor-column elementor-col-100 elementor-top-column elementor-element elementor-element-f34a218\" data-id=\"f34a218\" data-element_type=\"column\">\r\n\t\t\t<div class=\"elementor-column-wrap elementor-element-populated\">\r\n\t\t\t\t\t\t\t<div class=\"elementor-widget-wrap\">\r\n\t\t\t\t\t\t<div class=\"elementor-element elementor-element-d7a56ae elementor-widget elementor-widget-eael-event-calendar\" data-id=\"d7a56ae\" data-element_type=\"widget\" data-widget_type=\"eael-event-calendar.default\">\r\n\t\t\t\t<div class=\"elementor-widget-container\">\r\n\t\t\t<div class=\"eael-event-calendar-wrapper\"><div id=\"eael-event-calendar-d7a56ae\" class=\"eael-event-calendar-cls\"\r\n            data-cal_id = \"d7a56ae\"\r\n            data-locale = \"cs\"\r\n            data-translate = \"{&quot;today&quot;:&quot;Hoy&quot;,&quot;tomorrow&quot;:&quot;Ma\\u00f1ana&quot;}\"\r\n            data-defaultview = \"dayGridMonth\"\r\n            data-time_format = \"\"\r\n            data-events=\"[{&quot;id&quot;:0,&quot;title&quot;:&quot;No Title&quot;,&quot;description&quot;:&quot;&lt;p&gt;On this day we will test how this event calendar works&lt;\\\/p&gt;&lt;p&gt;&lt;img class=\\&quot;size-medium wp-image-3095\\&quot; src=\\&quot;https:\\\/\\\/parkpravikov.cz\\\/wp-content\\\/uploads\\\/2020\\\/11\\\/IMG_20200115_224653-2-300x75.jpg\\&quot; alt=\\&quot;\\&quot; width=\\&quot;300\\&quot; height=\\&quot;75\\&quot; \\\/&gt;&lt;\\\/p&gt;&quot;,&quot;start&quot;:&quot;&quot;,&quot;end&quot;:&quot;1970-01-01 00:00:01&quot;,&quot;borderColor&quot;:&quot;#E8E6ED&quot;,&quot;textColor&quot;:&quot;#ffffff&quot;,&quot;color&quot;:&quot;#FFFFFF&quot;,&quot;url&quot;:&quot;&quot;,&quot;allDay&quot;:&quot;&quot;,&quot;external&quot;:&quot;&quot;,&quot;nofollow&quot;:&quot;&quot;}]\"\r\n            data-first_day=\"0\"><\/div>\r\n            <div id=\"eaelecModal\" class=\"eaelec-modal eael-zoom-in\">\r\n            <div class=\"eael-ec-modal-bg\"><\/div>\r\n            <div class=\"eaelec-modal-content\">\r\n                <div class=\"eaelec-modal-header\">\r\n                    <div class=\"eaelec-modal-close\"><span><i class=\"fas fa-times\"><\/i><\/span><\/div>\r\n                    <h2 class=\"eael-ec-modal-title\"><\/h2>\r\n                    <span class=\"eaelec-event-date-start eaelec-event-popup-date\"><\/span>\r\n                    <span class=\"eaelec-event-date-end eaelec-event-popup-date\"><\/span>\r\n                <\/div>\r\n                <div class=\"eaelec-modal-body\">\r\n                    <p><\/p>\r\n                <\/div>\r\n                <div class=\"eaelec-modal-footer\">\r\n                    <a class=\"eaelec-event-details-link\">Detalles del evento<\/a>\r\n                <\/div>\r\n            <\/div>\r\n        <\/div>\r\n        <\/div>\t\t<\/div>\r\n\t\t\t\t<\/div>\r\n\t\t\t\t\t\t<\/div>\r\n\t\t\t\t\t<\/div>\r\n\t\t<\/div>\r\n\t\t\t\t\t\t\t\t<\/div>\r\n\t\t\t\t\t<\/div>\r\n\t\t<\/section>\r\n\t\t\t\t\t\t<\/div>\r\n\t\t\t\t\t\t<\/div>\r\n\t\t\t\t\t<\/div>","protected":false},"excerpt":{"rendered":"<p>Event Details<\/p>","protected":false},"author":1,"featured_media":3852,"parent":0,"menu_order":0,"comment_status":"closed","ping_status":"closed","template":"","meta":[],"_links":{"self":[{"href":"https:\/\/parkpravikov.cz\/es\/wp-json\/wp\/v2\/pages\/32"}],"collection":[{"href":"https:\/\/parkpravikov.cz\/es\/wp-json\/wp\/v2\/pages"}],"about":[{"href":"https:\/\/parkpravikov.cz\/es\/wp-json\/wp\/v2\/types\/page"}],"author":[{"embeddable":true,"href":"https:\/\/parkpravikov.cz\/es\/wp-json\/wp\/v2\/users\/1"}],"replies":[{"embeddable":true,"href":"https:\/\/parkpravikov.cz\/es\/wp-json\/wp\/v2\/comments?post=32"}],"version-history":[{"count":50,"href":"https:\/\/parkpravikov.cz\/es\/wp-json\/wp\/v2\/pages\/32\/revisions"}],"predecessor-version":[{"id":4590,"href":"https:\/\/parkpravikov.cz\/es\/wp-json\/wp\/v2\/pages\/32\/revisions\/4590"}],"wp:featuredmedia":[{"embeddable":true,"href":"https:\/\/parkpravikov.cz\/es\/wp-json\/wp\/v2\/media\/3852"}],"wp:attachment":[{"href":"https:\/\/parkpravikov.cz\/es\/wp-json\/wp\/v2\/media?parent=32"}],"curies":[{"name":"wp","href":"https:\/\/api.w.org\/{rel}","templated":true}]}}