{"id":62,"date":"2011-12-03T21:13:53","date_gmt":"2011-12-03T20:13:53","guid":{"rendered":"\/?page_id=62"},"modified":"2012-12-31T00:13:52","modified_gmt":"2012-12-30T23:13:52","slug":"newslettery","status":"publish","type":"page","link":"https:\/\/parkpravikov.cz\/en\/newslettery\/","title":{"rendered":"Newslettery"},"content":{"rendered":"<p>Zde si m\u016f\u017eete st\u00e1hnout newslettery v PDF s novinkami jak z parku Prav\u00edkov, tak i z dal\u0161\u00edch park\u016f ve sv\u011bt\u011b:<\/p>\n<ul>\n<li><a href=\"https:\/\/parkpravikov.cz\/en\/newslettery\/park-pravikov_newsletter_cervenec-2011\/\">Newsletter Parku Prav\u00edkov, \u010d. 1, \u010dervenec 2011 &#8211; <strong>st\u00e1hnout PDF<\/strong><\/a><\/li>\n<li><a href=\"https:\/\/parkpravikov.cz\/en\/newslettery\/newsletter-parku-pravikov-002\/\" rel=\"attachment wp-att-366\">Newsletter Parku Prav\u00edkov, \u010d. 2, prosinec 2011 &#8211; <strong>st\u00e1hnout PDF<\/strong><\/a><\/li>\n<li><a href=\"https:\/\/parkpravikov.cz\/en\/newslettery\/newsletter_12-2012_final\/\">Newsletter Parku Prav\u00edkov, \u010d. 3, prosinec 2012 &#8211; <strong>st\u00e1hnout PDF<\/strong><\/a><\/li>\n<\/ul>","protected":false},"excerpt":{"rendered":"<p>Zde si m\u016f\u017eete st\u00e1hnout newslettery v PDF s novinkami jak z parku Prav\u00edkov, tak i z dal\u0161\u00edch park\u016f ve sv\u011bt\u011b: Newsletter Parku Prav\u00edkov, \u010d. 1, \u010dervenec 2011 &#8211; st\u00e1hnout PDF Newsletter Parku Prav\u00edkov, \u010d. 2, prosinec 2011 &#8211; st\u00e1hnout PDF Newsletter Parku Prav\u00edkov, \u010d. 3, prosinec 2012 &#8211; st\u00e1hnout PDF<\/p>","protected":false},"author":1,"featured_media":0,"parent":0,"menu_order":0,"comment_status":"closed","ping_status":"closed","template":"sidebar-page.php","meta":[],"_links":{"self":[{"href":"https:\/\/parkpravikov.cz\/en\/wp-json\/wp\/v2\/pages\/62"}],"collection":[{"href":"https:\/\/parkpravikov.cz\/en\/wp-json\/wp\/v2\/pages"}],"about":[{"href":"https:\/\/parkpravikov.cz\/en\/wp-json\/wp\/v2\/types\/page"}],"author":[{"embeddable":true,"href":"https:\/\/parkpravikov.cz\/en\/wp-json\/wp\/v2\/users\/1"}],"replies":[{"embeddable":true,"href":"https:\/\/parkpravikov.cz\/en\/wp-json\/wp\/v2\/comments?post=62"}],"version-history":[{"count":8,"href":"https:\/\/parkpravikov.cz\/en\/wp-json\/wp\/v2\/pages\/62\/revisions"}],"predecessor-version":[{"id":1376,"href":"https:\/\/parkpravikov.cz\/en\/wp-json\/wp\/v2\/pages\/62\/revisions\/1376"}],"wp:attachment":[{"href":"https:\/\/parkpravikov.cz\/en\/wp-json\/wp\/v2\/media?parent=62"}],"curies":[{"name":"wp","href":"https:\/\/api.w.org\/{rel}","templated":true}]}}