{"id":564,"date":"2012-02-01T18:09:49","date_gmt":"2012-02-01T17:09:49","guid":{"rendered":"\/?page_id=564"},"modified":"2012-05-16T12:56:54","modified_gmt":"2012-05-16T10:56:54","slug":"discipliny","status":"publish","type":"page","link":"https:\/\/parkpravikov.cz\/en\/knihovna\/centrum-studii\/discipliny\/","title":{"rendered":"Discipl\u00edny"},"content":{"rendered":"<table class=\"tabknihovna\" border=\"0\">\n<tbody>\n<tr>\n<th>N\u00c1ZEV<\/th>\n<th>VERZE<\/th>\n<th>TYP<\/th>\n<th>ODKAZ<\/th>\n<\/tr>\n<tr>\n<td><strong>\u010cty\u0159i Discipl\u00edny<\/strong><\/td>\n<td>hrub\u00fd p\u0159eklad<\/td>\n<td>PDF<\/td>\n<td><a href=\"\/wp-content\/uploads\/2012\/02\/Ctyri_Discipliny.pdf\" target=\"_blank\">st\u00e1hnout<\/a><\/td>\n<\/tr>\n<\/tbody>\n<\/table>","protected":false},"excerpt":{"rendered":"<p>N\u00c1ZEV VERZE TYP ODKAZ \u010cty\u0159i Discipl\u00edny hrub\u00fd p\u0159eklad PDF st\u00e1hnout<\/p>","protected":false},"author":1,"featured_media":0,"parent":548,"menu_order":0,"comment_status":"closed","ping_status":"closed","template":"sidebar-left-page.php","meta":[],"_links":{"self":[{"href":"https:\/\/parkpravikov.cz\/en\/wp-json\/wp\/v2\/pages\/564"}],"collection":[{"href":"https:\/\/parkpravikov.cz\/en\/wp-json\/wp\/v2\/pages"}],"about":[{"href":"https:\/\/parkpravikov.cz\/en\/wp-json\/wp\/v2\/types\/page"}],"author":[{"embeddable":true,"href":"https:\/\/parkpravikov.cz\/en\/wp-json\/wp\/v2\/users\/1"}],"replies":[{"embeddable":true,"href":"https:\/\/parkpravikov.cz\/en\/wp-json\/wp\/v2\/comments?post=564"}],"version-history":[{"count":6,"href":"https:\/\/parkpravikov.cz\/en\/wp-json\/wp\/v2\/pages\/564\/revisions"}],"predecessor-version":[{"id":823,"href":"https:\/\/parkpravikov.cz\/en\/wp-json\/wp\/v2\/pages\/564\/revisions\/823"}],"up":[{"embeddable":true,"href":"https:\/\/parkpravikov.cz\/en\/wp-json\/wp\/v2\/pages\/548"}],"wp:attachment":[{"href":"https:\/\/parkpravikov.cz\/en\/wp-json\/wp\/v2\/media?parent=564"}],"curies":[{"name":"wp","href":"https:\/\/api.w.org\/{rel}","templated":true}]}}