{"id":2410,"date":"2019-02-07T17:58:28","date_gmt":"2019-02-07T16:58:28","guid":{"rendered":"\/?page_id=2410"},"modified":"2019-02-07T18:29:28","modified_gmt":"2019-02-07T17:29:28","slug":"organizace-noveho-humanismu","status":"publish","type":"page","link":"https:\/\/parkpravikov.cz\/en\/knihovna\/novy-humanismus\/organizace-noveho-humanismu\/","title":{"rendered":"Organizace Nov\u00e9ho humanismu"},"content":{"rendered":"<table class=\"tabknihovna\" border=\"0\">\n<tbody>\n<tr>\n<th>\u00a0N\u00c1ZEV<\/th>\n<th>VERZE<\/th>\n<th>TYP<\/th>\n<th>ODKAZ<\/th>\n<\/tr>\n<tr>\n<td rowspan=\"2\"><strong>Sv\u011bt bez v\u00e1lek a n\u00e1sil\u00ed<br \/>\n<\/strong>Zakl\u00e1daj\u00edc\u00ed dokument<\/td>\n<td>fin\u00e1ln\u00ed<\/td>\n<td>PDF<\/td>\n<td><a href=\"\/wp-content\/uploads\/2012\/02\/Svet-bez-valek-a-nasili-CZ-2012.pdf\">st\u00e1hnout<\/a><\/td>\n<\/tr>\n<tr>\n<td><\/td>\n<td><\/td>\n<td><a href=\"http:\/\/www.svetbezvalek.cz\/cs\/zakladajici-dokument\" target=\"_blank\">\u010d\u00edst online<\/a><\/td>\n<\/tr>\n<tr>\n<td><strong>Dokument Humanistick\u00e9ho hnut\u00ed<\/strong><\/td>\n<td>hrub\u00fd p\u0159eklad<\/td>\n<td>DOC<\/td>\n<td><a href=\"\/wp-content\/uploads\/2012\/02\/Dokument_Humanistickeho_hnuti.doc\">st\u00e1hnout<\/a><\/td>\n<\/tr>\n<tr>\n<td><strong>Komunita pro lidsk\u00fd rozvoj<\/strong><\/td>\n<td><\/td>\n<td><\/td>\n<td><\/td>\n<\/tr>\n<tr>\n<td><strong>Humanistick\u00e1 strana<\/strong><\/td>\n<td><\/td>\n<td><\/td>\n<td><\/td>\n<\/tr>\n<tr>\n<td><strong>Covnergence of cultures<\/strong><\/td>\n<td><\/td>\n<td><\/td>\n<td><\/td>\n<\/tr>\n<\/tbody>\n<\/table>","protected":false},"excerpt":{"rendered":"<p>\u00a0N\u00c1ZEV VERZE TYP ODKAZ Sv\u011bt bez v\u00e1lek a n\u00e1sil\u00ed Zakl\u00e1daj\u00edc\u00ed dokument fin\u00e1ln\u00ed PDF st\u00e1hnout \u010d\u00edst online Dokument Humanistick\u00e9ho hnut\u00ed hrub\u00fd p\u0159eklad DOC st\u00e1hnout Komunita pro lidsk\u00fd rozvoj Humanistick\u00e1 strana Covnergence of cultures<\/p>","protected":false},"author":1,"featured_media":0,"parent":570,"menu_order":0,"comment_status":"closed","ping_status":"closed","template":"sidebar-left-page.php","meta":[],"_links":{"self":[{"href":"https:\/\/parkpravikov.cz\/en\/wp-json\/wp\/v2\/pages\/2410"}],"collection":[{"href":"https:\/\/parkpravikov.cz\/en\/wp-json\/wp\/v2\/pages"}],"about":[{"href":"https:\/\/parkpravikov.cz\/en\/wp-json\/wp\/v2\/types\/page"}],"author":[{"embeddable":true,"href":"https:\/\/parkpravikov.cz\/en\/wp-json\/wp\/v2\/users\/1"}],"replies":[{"embeddable":true,"href":"https:\/\/parkpravikov.cz\/en\/wp-json\/wp\/v2\/comments?post=2410"}],"version-history":[{"count":3,"href":"https:\/\/parkpravikov.cz\/en\/wp-json\/wp\/v2\/pages\/2410\/revisions"}],"predecessor-version":[{"id":2422,"href":"https:\/\/parkpravikov.cz\/en\/wp-json\/wp\/v2\/pages\/2410\/revisions\/2422"}],"up":[{"embeddable":true,"href":"https:\/\/parkpravikov.cz\/en\/wp-json\/wp\/v2\/pages\/570"}],"wp:attachment":[{"href":"https:\/\/parkpravikov.cz\/en\/wp-json\/wp\/v2\/media?parent=2410"}],"curies":[{"name":"wp","href":"https:\/\/api.w.org\/{rel}","templated":true}]}}