{"id":574,"date":"2012-02-01T18:13:26","date_gmt":"2012-02-01T17:13:26","guid":{"rendered":"\/?page_id=574"},"modified":"2020-07-02T17:07:43","modified_gmt":"2020-07-02T15:07:43","slug":"ruzne-dokumenty","status":"publish","type":"page","link":"http:\/\/parkpravikov.cz\/es\/knihovna\/novy-humanismus\/ruzne-dokumenty\/","title":{"rendered":"R\u016fzn\u00e9 dokumenty"},"content":{"rendered":"<p>&nbsp;<\/p>\n<table class=\"tabknihovna\" border=\"0\">\n<thead>\n<tr>\n<th>N\u00c1ZEV<\/th>\n<th>VERZE<\/th>\n<th>TYP<\/th>\n<th>ODKAZ<\/th>\n<\/tr>\n<\/thead>\n<tbody>\n<tr>\n<td rowspan=\"2\"><strong>Co je to aktivn\u00ed nen\u00e1sil\u00ed<\/strong><\/p>\n<address>Historie nen\u00e1sil\u00ed: Tolstoj, G\u00e1ndh\u00ed, M. L. King, Silo<\/address>\n<\/td>\n<td>video<\/td>\n<td>wmv<\/td>\n<td><a href=\"https:\/\/drive.google.com\/file\/d\/1jIy3HHWS4ulJLAM9S70HSkS91cRpEXFA\/view?usp=sharing\">st\u00e1hnout<\/a><\/td>\n<\/tr>\n<tr>\n<td>video<\/td>\n<td>stream<\/td>\n<td><a href=\"https:\/\/vimeo.com\/147234663\">p\u0159ehr\u00e1t\u00a0na\u00a0vimeo<\/a><\/td>\n<\/tr>\n<tr>\n<td rowspan=\"2\"><strong>Uzdraven\u00ed od utrpen\u00ed &#8211; komiks<\/strong><\/p>\n<address>Sil\u016fv projev z roku 1969<\/address>\n<\/td>\n<td>n\u00e1hled<\/td>\n<td>pdf<\/td>\n<td><a href=\"http:\/\/parkpravikov.pieman.name\/Uzdraveni_Komiks_nahled.pdf\" target=\"_blank\">st\u00e1hnout<\/a><\/td>\n<\/tr>\n<tr>\n<td>tisk<\/td>\n<td>pdf<\/td>\n<td><a href=\"http:\/\/parkpravikov.pieman.name\/Uzdraveni_KomiksA5_tisk.pdf\" target=\"_blank\">st\u00e1hnout<\/a><\/td>\n<\/tr>\n<tr>\n<td><strong>\u00davahy o sebe-uzdraven<\/strong><strong><\/strong><strong>\u00ed<\/strong><\/p>\n<address>Hugo Novotny<\/address>\n<\/td>\n<td>hrub\u00fd p\u0159eklad<\/td>\n<td>pdf<\/td>\n<td><a href=\"\/wp-content\/uploads\/2012\/02\/uvahy_o_sebe-uzdraveni.pdf\">st\u00e1hnout<\/a><\/td>\n<\/tr>\n<\/tbody>\n<\/table>","protected":false},"excerpt":{"rendered":"<p>&nbsp; N\u00c1ZEV VERZE TYP ODKAZ Co je to aktivn\u00ed nen\u00e1sil\u00ed Historie nen\u00e1sil\u00ed: Tolstoj, G\u00e1ndh\u00ed, M. L. King, Silo video wmv st\u00e1hnout video stream p\u0159ehr\u00e1t\u00a0na\u00a0vimeo Uzdraven\u00ed od utrpen\u00ed &#8211; komiks Sil\u016fv projev z roku 1969 n\u00e1hled pdf st\u00e1hnout tisk pdf st\u00e1hnout \u00davahy o sebe-uzdraven\u00ed Hugo Novotny hrub\u00fd p\u0159eklad pdf st\u00e1hnout<\/p>","protected":false},"author":1,"featured_media":0,"parent":570,"menu_order":0,"comment_status":"closed","ping_status":"closed","template":"sidebar-left-page.php","meta":[],"_links":{"self":[{"href":"http:\/\/parkpravikov.cz\/es\/wp-json\/wp\/v2\/pages\/574"}],"collection":[{"href":"http:\/\/parkpravikov.cz\/es\/wp-json\/wp\/v2\/pages"}],"about":[{"href":"http:\/\/parkpravikov.cz\/es\/wp-json\/wp\/v2\/types\/page"}],"author":[{"embeddable":true,"href":"http:\/\/parkpravikov.cz\/es\/wp-json\/wp\/v2\/users\/1"}],"replies":[{"embeddable":true,"href":"http:\/\/parkpravikov.cz\/es\/wp-json\/wp\/v2\/comments?post=574"}],"version-history":[{"count":35,"href":"http:\/\/parkpravikov.cz\/es\/wp-json\/wp\/v2\/pages\/574\/revisions"}],"predecessor-version":[{"id":995,"href":"http:\/\/parkpravikov.cz\/es\/wp-json\/wp\/v2\/pages\/574\/revisions\/995"}],"up":[{"embeddable":true,"href":"http:\/\/parkpravikov.cz\/es\/wp-json\/wp\/v2\/pages\/570"}],"wp:attachment":[{"href":"http:\/\/parkpravikov.cz\/es\/wp-json\/wp\/v2\/media?parent=574"}],"curies":[{"name":"wp","href":"https:\/\/api.w.org\/{rel}","templated":true}]}}