{"id":568,"date":"2012-02-01T18:11:36","date_gmt":"2012-02-01T17:11:36","guid":{"rendered":"\/?page_id=568"},"modified":"2019-02-07T17:55:27","modified_gmt":"2019-02-07T16:55:27","slug":"knihy","status":"publish","type":"page","link":"http:\/\/parkpravikov.cz\/es\/knihovna\/novy-humanismus\/knihy\/","title":{"rendered":"Knihy"},"content":{"rendered":"<table class=\"tabknihovna\" border=\"0\">\n<tbody>\n<tr>\n<th>N\u00c1ZEV<\/th>\n<th>VERZE<\/th>\n<th>TYP<\/th>\n<th>ODKAZ<\/th>\n<\/tr>\n<tr>\n<td><strong><strong>Humanismus v r\u016fzn\u00fdch kultur\u00e1ch<br \/>\n<\/strong><\/strong>Sv\u011btov\u00e9 centrum humanistick\u00fdch studi\u00ed<\/td>\n<td>hrub\u00fd p\u0159eklad<\/td>\n<td>DOC<\/td>\n<td><a href=\"\/wp-content\/uploads\/2012\/02\/Humanismus_v_ruznych_kulturach.doc\">st\u00e1hnout<\/a><\/td>\n<\/tr>\n<tr>\n<td><strong><strong>Interpretace humanismu<br \/>\n<\/strong><\/strong>Salvatore Puledda<\/td>\n<td>hrub\u00fd p\u0159eklad<\/td>\n<td>DOC<\/td>\n<td><a href=\"\/wp-content\/uploads\/2012\/02\/Interpretace_Humanismu.doc\">st\u00e1hnout<\/a><\/td>\n<\/tr>\n<\/tbody>\n<\/table>","protected":false},"excerpt":{"rendered":"<p>N\u00c1ZEV VERZE TYP ODKAZ Humanismus v r\u016fzn\u00fdch kultur\u00e1ch Sv\u011btov\u00e9 centrum humanistick\u00fdch studi\u00ed hrub\u00fd p\u0159eklad DOC st\u00e1hnout Interpretace humanismu Salvatore Puledda hrub\u00fd p\u0159eklad DOC st\u00e1hnout<\/p>","protected":false},"author":1,"featured_media":0,"parent":570,"menu_order":0,"comment_status":"closed","ping_status":"closed","template":"sidebar-left-page.php","meta":[],"_links":{"self":[{"href":"http:\/\/parkpravikov.cz\/es\/wp-json\/wp\/v2\/pages\/568"}],"collection":[{"href":"http:\/\/parkpravikov.cz\/es\/wp-json\/wp\/v2\/pages"}],"about":[{"href":"http:\/\/parkpravikov.cz\/es\/wp-json\/wp\/v2\/types\/page"}],"author":[{"embeddable":true,"href":"http:\/\/parkpravikov.cz\/es\/wp-json\/wp\/v2\/users\/1"}],"replies":[{"embeddable":true,"href":"http:\/\/parkpravikov.cz\/es\/wp-json\/wp\/v2\/comments?post=568"}],"version-history":[{"count":6,"href":"http:\/\/parkpravikov.cz\/es\/wp-json\/wp\/v2\/pages\/568\/revisions"}],"predecessor-version":[{"id":811,"href":"http:\/\/parkpravikov.cz\/es\/wp-json\/wp\/v2\/pages\/568\/revisions\/811"}],"up":[{"embeddable":true,"href":"http:\/\/parkpravikov.cz\/es\/wp-json\/wp\/v2\/pages\/570"}],"wp:attachment":[{"href":"http:\/\/parkpravikov.cz\/es\/wp-json\/wp\/v2\/media?parent=568"}],"curies":[{"name":"wp","href":"https:\/\/api.w.org\/{rel}","templated":true}]}}