{"id":562,"date":"2012-02-01T18:09:15","date_gmt":"2012-02-01T17:09:15","guid":{"rendered":"\/?page_id=562"},"modified":"2013-01-06T16:05:46","modified_gmt":"2013-01-06T15:05:46","slug":"ostatni","status":"publish","type":"page","link":"http:\/\/parkpravikov.cz\/es\/knihovna\/silo\/ostatni\/","title":{"rendered":"Ostatn\u00ed"},"content":{"rendered":"<table class=\"tabknihovna\" border=\"0\">\n<tbody>\n<tr>\n<th>N\u00c1ZEV<\/th>\n<th>VERZE<\/th>\n<th>TYP<\/th>\n<th>ODKAZ<\/th>\n<\/tr>\n<tr>\n<td><strong>V\u00fdznam m\u00edru a nen\u00e1sil\u00ed v sou\u010dasnosti<\/strong><\/td>\n<td>hrub\u00fd p\u0159eklad<\/td>\n<td>DOC<\/td>\n<td><a href=\"\/wp-content\/uploads\/2012\/02\/20091111_Silo_Berlin_Vyznam_miru_a_nenasili_v_soucasnosti.doc\">st\u00e1hnout<\/a><\/td>\n<\/tr>\n<tr>\n<td><strong>Nesmyslnost<\/strong><\/td>\n<td>hrub\u00fd p\u0159eklad<\/td>\n<td>DOC<\/td>\n<td><a href=\"\/wp-content\/uploads\/2012\/02\/Silo_Nesmyslnost.doc\">st\u00e1hnout<\/a><\/td>\n<\/tr>\n<tr>\n<td><strong>Du\u0161e a \u00fatlak<\/strong><\/td>\n<td>hrub\u00fd p\u0159eklad<\/td>\n<td>DOC<\/td>\n<td><a href=\"\/wp-content\/uploads\/2012\/02\/Silo_duse_utlak.doc\">st\u00e1hnout<\/a><\/td>\n<\/tr>\n<tr>\n<td rowspan=\"2\"><strong>Mudrc z And<\/strong><\/td>\n<td>video<\/td>\n<td>stream<\/td>\n<td><a href=\"http:\/\/youtu.be\/-m0NKoM7f1I\" target=\"_blank\">p\u0159ehrat na youtube<\/a><\/td>\n<\/tr>\n<tr>\n<td>video<\/td>\n<td>wmv<\/td>\n<td><a href=\"http:\/\/parkpravikov.pieman.name\/MudrczAnd.wmv\" rel=\"mtli_filesize23584Mb \">st\u00e1hnout<\/a><\/td>\n<\/tr>\n<\/tbody>\n<\/table>","protected":false},"excerpt":{"rendered":"<p>N\u00c1ZEV VERZE TYP ODKAZ V\u00fdznam m\u00edru a nen\u00e1sil\u00ed v sou\u010dasnosti hrub\u00fd p\u0159eklad DOC st\u00e1hnout Nesmyslnost hrub\u00fd p\u0159eklad DOC st\u00e1hnout Du\u0161e a \u00fatlak hrub\u00fd p\u0159eklad DOC st\u00e1hnout Mudrc z And video stream p\u0159ehrat na youtube video wmv st\u00e1hnout<\/p>","protected":false},"author":1,"featured_media":0,"parent":546,"menu_order":0,"comment_status":"closed","ping_status":"closed","template":"sidebar-left-page.php","meta":[],"_links":{"self":[{"href":"http:\/\/parkpravikov.cz\/es\/wp-json\/wp\/v2\/pages\/562"}],"collection":[{"href":"http:\/\/parkpravikov.cz\/es\/wp-json\/wp\/v2\/pages"}],"about":[{"href":"http:\/\/parkpravikov.cz\/es\/wp-json\/wp\/v2\/types\/page"}],"author":[{"embeddable":true,"href":"http:\/\/parkpravikov.cz\/es\/wp-json\/wp\/v2\/users\/1"}],"replies":[{"embeddable":true,"href":"http:\/\/parkpravikov.cz\/es\/wp-json\/wp\/v2\/comments?post=562"}],"version-history":[{"count":10,"href":"http:\/\/parkpravikov.cz\/es\/wp-json\/wp\/v2\/pages\/562\/revisions"}],"predecessor-version":[{"id":817,"href":"http:\/\/parkpravikov.cz\/es\/wp-json\/wp\/v2\/pages\/562\/revisions\/817"}],"up":[{"embeddable":true,"href":"http:\/\/parkpravikov.cz\/es\/wp-json\/wp\/v2\/pages\/546"}],"wp:attachment":[{"href":"http:\/\/parkpravikov.cz\/es\/wp-json\/wp\/v2\/media?parent=562"}],"curies":[{"name":"wp","href":"https:\/\/api.w.org\/{rel}","templated":true}]}}