{"id":552,"date":"2012-02-01T17:58:28","date_gmt":"2012-02-01T16:58:28","guid":{"rendered":"\/?page_id=552"},"modified":"2022-05-27T13:11:14","modified_gmt":"2022-05-27T13:11:14","slug":"silovo-poselstvi","status":"publish","type":"page","link":"http:\/\/parkpravikov.cz\/es\/knihovna\/silovo-poselstvi\/","title":{"rendered":"Silovo poselstv\u00ed"},"content":{"rendered":"<p>\u00a0<\/p>\n<table class=\"tabknihovna\" border=\"0\">\n<tbody>\n<tr>\n<th>N\u00c1ZEV<\/th>\n<th>VERZE<\/th>\n<th>TYP<\/th>\n<th>ODKAZ<\/th>\n<\/tr>\n<tr>\n<td><strong>Silovo poselstv\u00ed\u00a0<\/strong><\/td>\n<td>fin\u00e1ln\u00ed verze knihy<\/td>\n<td>web<\/td>\n<td><a href=\"https:\/\/www.silovoposelstvi.cz\/silovo-poselstvi\/\" target=\"_blank\" rel=\"noopener\">Webov\u00e1 str\u00e1nka Silovo poselstv\u00ed.cz<\/a><\/td>\n<\/tr>\n<tr>\n<td><strong>Kniha Silovo poselstv\u00ed\u00a0<\/strong><\/td>\n<td>fin\u00e1ln\u00ed verze knihy<\/td>\n<td>docx<\/td>\n<td><a href=\"\/wp-content\/uploads\/2022\/05\/Silovo-poselstvi.docx\" target=\"_blank\" rel=\"noopener\">st\u00e1hnout<\/a><\/td>\n<\/tr>\n<tr>\n<td><span style=\"font-weight: 600;\">Z\u00e1\u017eitek s\u00edly<\/span><\/td>\n<td>audio nahr\u00e1vka<\/td>\n<td>mp3<\/td>\n<td><a href=\"\/wp-content\/uploads\/2022\/05\/zazitek_sily.mp3\" target=\"_blank\" rel=\"noopener\">poslechnout \/ st\u00e1hnout<\/a><\/td>\n<\/tr>\n<\/tbody>\n<\/table>\n\n\n<p><\/p>","protected":false},"excerpt":{"rendered":"<p>\u00a0 N\u00c1ZEV VERZE TYP ODKAZ Silovo poselstv\u00ed\u00a0 fin\u00e1ln\u00ed verze knihy web Webov\u00e1 str\u00e1nka Silovo poselstv\u00ed.cz Kniha Silovo poselstv\u00ed\u00a0 fin\u00e1ln\u00ed verze knihy docx st\u00e1hnout Z\u00e1\u017eitek s\u00edly audio nahr\u00e1vka mp3 poslechnout \/ st\u00e1hnout<\/p>","protected":false},"author":1,"featured_media":4397,"parent":57,"menu_order":0,"comment_status":"closed","ping_status":"closed","template":"sidebar-left-page.php","meta":[],"_links":{"self":[{"href":"http:\/\/parkpravikov.cz\/es\/wp-json\/wp\/v2\/pages\/552"}],"collection":[{"href":"http:\/\/parkpravikov.cz\/es\/wp-json\/wp\/v2\/pages"}],"about":[{"href":"http:\/\/parkpravikov.cz\/es\/wp-json\/wp\/v2\/types\/page"}],"author":[{"embeddable":true,"href":"http:\/\/parkpravikov.cz\/es\/wp-json\/wp\/v2\/users\/1"}],"replies":[{"embeddable":true,"href":"http:\/\/parkpravikov.cz\/es\/wp-json\/wp\/v2\/comments?post=552"}],"version-history":[{"count":13,"href":"http:\/\/parkpravikov.cz\/es\/wp-json\/wp\/v2\/pages\/552\/revisions"}],"predecessor-version":[{"id":4598,"href":"http:\/\/parkpravikov.cz\/es\/wp-json\/wp\/v2\/pages\/552\/revisions\/4598"}],"up":[{"embeddable":true,"href":"http:\/\/parkpravikov.cz\/es\/wp-json\/wp\/v2\/pages\/57"}],"wp:featuredmedia":[{"embeddable":true,"href":"http:\/\/parkpravikov.cz\/es\/wp-json\/wp\/v2\/media\/4397"}],"wp:attachment":[{"href":"http:\/\/parkpravikov.cz\/es\/wp-json\/wp\/v2\/media?parent=552"}],"curies":[{"name":"wp","href":"https:\/\/api.w.org\/{rel}","templated":true}]}}