{"id":2474,"date":"2019-11-25T23:50:49","date_gmt":"2019-11-25T22:50:49","guid":{"rendered":"\/?page_id=2474"},"modified":"2021-06-09T01:11:01","modified_gmt":"2021-06-09T01:11:01","slug":"discipliny","status":"publish","type":"page","link":"http:\/\/parkpravikov.cz\/es\/discipliny\/","title":{"rendered":"Proces Discipl\u00edn"},"content":{"rendered":"<div data-elementor-type=\"wp-page\" data-elementor-id=\"2474\" class=\"elementor elementor-2474\" data-elementor-settings=\"[]\">\r\n\t\t\t\t\t\t<div class=\"elementor-inner\">\r\n\t\t\t\t\t\t\t<div class=\"elementor-section-wrap\">\r\n\t\t\t\t\t\t\t<section class=\"elementor-section elementor-top-section elementor-element elementor-element-10367dfd elementor-section-boxed elementor-section-height-default elementor-section-height-default\" data-id=\"10367dfd\" data-element_type=\"section\">\r\n\t\t\t\t\t\t<div class=\"elementor-container elementor-column-gap-default\">\r\n\t\t\t\t\t\t\t<div class=\"elementor-row\">\r\n\t\t\t\t\t<div class=\"elementor-column elementor-col-100 elementor-top-column elementor-element elementor-element-70cc556f\" data-id=\"70cc556f\" data-element_type=\"column\">\r\n\t\t\t<div class=\"elementor-column-wrap elementor-element-populated\">\r\n\t\t\t\t\t\t\t<div class=\"elementor-widget-wrap\">\r\n\t\t\t\t\t\t<div class=\"elementor-element elementor-element-295ad60 elementor-widget elementor-widget-heading\" data-id=\"295ad60\" data-element_type=\"widget\" data-widget_type=\"heading.default\">\r\n\t\t\t\t<div class=\"elementor-widget-container\">\r\n\t\t\t<h2 class=\"elementor-heading-title elementor-size-default\">Proces Discipl\u00edn<\/h2>\t\t<\/div>\r\n\t\t\t\t<\/div>\r\n\t\t\t\t<div class=\"elementor-element elementor-element-3376d8d elementor-widget elementor-widget-heading\" data-id=\"3376d8d\" data-element_type=\"widget\" data-widget_type=\"heading.default\">\r\n\t\t\t\t<div class=\"elementor-widget-container\">\r\n\t\t\t<h4 class=\"elementor-heading-title elementor-size-default\">Proces Discipl\u00edn \u0160koly v Parku Prav\u00edkov se otev\u00edr\u00e1 pro nov\u00e9 uchaze\u010de \u2013 2020<\/h4>\t\t<\/div>\r\n\t\t\t\t<\/div>\r\n\t\t\t\t<div class=\"elementor-element elementor-element-4f73a08 elementor-widget elementor-widget-image\" data-id=\"4f73a08\" data-element_type=\"widget\" data-widget_type=\"image.default\">\r\n\t\t\t\t<div class=\"elementor-widget-container\">\r\n\t\t\t\t\t\t\t\t<div class=\"elementor-image\">\r\n\t\t\t\t\t\t\t\t\t\t\t\t<img width=\"1500\" height=\"830\" src=\"http:\/\/parkpravikov.cz\/wp-content\/uploads\/2020\/12\/Fontana_2020_mala2.jpg\" class=\"attachment-full size-full\" alt=\"\" loading=\"lazy\" srcset=\"http:\/\/parkpravikov.cz\/wp-content\/uploads\/2020\/12\/Fontana_2020_mala2.jpg 1500w, http:\/\/parkpravikov.cz\/wp-content\/uploads\/2020\/12\/Fontana_2020_mala2-300x166.jpg 300w, http:\/\/parkpravikov.cz\/wp-content\/uploads\/2020\/12\/Fontana_2020_mala2-1024x567.jpg 1024w, http:\/\/parkpravikov.cz\/wp-content\/uploads\/2020\/12\/Fontana_2020_mala2-768x425.jpg 768w\" sizes=\"(max-width: 1500px) 100vw, 1500px\" \/>\t\t\t\t\t\t\t\t\t\t\t\t\t\t<\/div>\r\n\t\t\t\t\t\t<\/div>\r\n\t\t\t\t<\/div>\r\n\t\t\t\t<div class=\"elementor-element elementor-element-3c326f4 elementor-widget elementor-widget-text-editor\" data-id=\"3c326f4\" data-element_type=\"widget\" data-widget_type=\"text-editor.default\">\r\n\t\t\t\t<div class=\"elementor-widget-container\">\r\n\t\t\t\t\t\t\t\t<div class=\"elementor-text-editor elementor-clearfix\">\r\n\t\t\t\t<p>\u201eVnit\u0159n\u00ed skute\u010dnost\u201c je schov\u00e1na pod ruchem a rozpt\u00fdlen\u00edm z ka\u017edodenn\u00edho \u017eivota.<br \/><span style=\"font-weight: 300;\">Ji\u017e od prad\u00e1vna \u010dlov\u011bk hled\u00e1 cesty, jak se propojit s touto hloubkou lidsk\u00e9ho v\u011bdom\u00ed.<br \/><\/span><span style=\"font-weight: 300;\">Discipl\u00edny \u0160koly maj\u00ed za c\u00edl p\u0159ibl\u00ed\u017eit toho, kdo je praktikuje, k pro\u017eitk\u016fm Hlubok\u00e9ho \u2013 k z\u00e1sadn\u00ed vnit\u0159n\u00ed prom\u011bn\u011b.<\/span><\/p><p dir=\"ltr\">Discipl\u00edny jsou \u010dty\u0159i: energetick\u00e1, form\u00e1ln\u00ed, materi\u00e1ln\u00ed a ment\u00e1ln\u00ed. Zformuloval je Silo a pro jejich vznik se inspiroval \u010dty\u0159mi aristotelsk\u00fdmi p\u0159\u00ed\u010dinami (p\u016fsob\u00edc\u00ed, form\u00e1ln\u00ed, l\u00e1tkovou a \u00fa\u010delovou).<\/p><p dir=\"ltr\">Studium Discipl\u00edn vy\u017eaduje vytrval\u00e9 a dlouhodob\u00e9 odhodl\u00e1n\u00ed.<\/p><p dir=\"ltr\">Cel\u00fd proces je rozd\u011blen do dvou \u010d\u00e1st\u00ed \u2013 prvn\u00ed je \u010d\u00e1st p\u0159\u00edpravy pomoc\u00ed n\u00e1stroj\u016f relaxace, sebepozn\u00e1n\u00ed a psychofyziky a druh\u00e1 \u010d\u00e1st spo\u010d\u00edv\u00e1 v praktikov\u00e1n\u00ed jednotliv\u00fdch krok\u016f zvolen\u00e9 Discipl\u00edny.<\/p>\t\t\t\t\t<\/div>\r\n\t\t\t\t\t\t<\/div>\r\n\t\t\t\t<\/div>\r\n\t\t\t\t<div class=\"elementor-element elementor-element-13254fb elementor-testimonial--skin-bubble elementor-testimonial--align-right elementor-testimonial--layout-image_inline elementor-arrows-yes elementor-pagination-type-bullets elementor-widget elementor-widget-testimonial-carousel\" data-id=\"13254fb\" data-element_type=\"widget\" data-settings=\"{&quot;show_arrows&quot;:&quot;yes&quot;,&quot;pagination&quot;:&quot;bullets&quot;,&quot;speed&quot;:500,&quot;autoplay&quot;:&quot;yes&quot;,&quot;autoplay_speed&quot;:5000,&quot;loop&quot;:&quot;yes&quot;,&quot;pause_on_hover&quot;:&quot;yes&quot;,&quot;pause_on_interaction&quot;:&quot;yes&quot;,&quot;space_between&quot;:{&quot;unit&quot;:&quot;px&quot;,&quot;size&quot;:10,&quot;sizes&quot;:[]},&quot;space_between_tablet&quot;:{&quot;unit&quot;:&quot;px&quot;,&quot;size&quot;:10,&quot;sizes&quot;:[]},&quot;space_between_mobile&quot;:{&quot;unit&quot;:&quot;px&quot;,&quot;size&quot;:10,&quot;sizes&quot;:[]}}\" data-widget_type=\"testimonial-carousel.default\">\r\n\t\t\t\t<div class=\"elementor-widget-container\">\r\n\t\t\t\t\t<div class=\"elementor-swiper\">\r\n\t\t\t<div class=\"elementor-main-swiper swiper-container\">\r\n\t\t\t\t<div class=\"swiper-wrapper\">\r\n\t\t\t\t\t\t\t\t\t\t\t<div class=\"swiper-slide\">\r\n\t\t\t\t\t\t\t\t\t<div class=\"elementor-testimonial\">\r\n\t\t\t\t\t\t\t<div class=\"elementor-testimonial__content\">\r\n\t\t\t\t\t<div class=\"elementor-testimonial__text\">\r\n\t\t\t\t\t\t\"Kdy\u017e lid\u00e9 hovo\u0159ili o m\u011bstech boh\u016f, kam cht\u011bli dosp\u011bt mnoz\u00ed hrdinov\u00e9 r\u016fzn\u00fdch n\u00e1rod\u016f, kdy\u017e hovo\u0159ili o r\u00e1ji, kde bohov\u00e9 a lid\u00e9 p\u0159eb\u00fdvali spolu v p\u016fvodn\u00ed podob\u011b, kdy\u017e se hovo\u0159ilo o p\u00e1dech a potop\u00e1ch, vyslovovala se velk\u00e1 vnit\u0159n\u00ed pravda... Kdy\u017e se v\u0161ak v\u0161echno tohle vyslovilo a um\u00edstilo mimo mysl, byla to chyba nebo le\u017e.\"\t\t\t\t\t<\/div>\r\n\t\t\t\t\t\t\t\t\t<\/div>\r\n\t\t\t\t\t\t<div class=\"elementor-testimonial__footer\">\r\n\t\t\t\t\t\t\t\t\t<div class=\"elementor-testimonial__image\">\r\n\t\t\t\t\t\t<img src=\"http:\/\/parkpravikov.cz\/wp-content\/uploads\/2020\/11\/5537172131_002e36fce8_o.jpg\" alt=\"Silo\">\r\n\t\t\t\t\t<\/div>\r\n\t\t\t\t\t\t\t\t<cite class=\"elementor-testimonial__cite\"><span class=\"elementor-testimonial__name\">Silo<\/span><span class=\"elementor-testimonial__title\">\"Vnit\u0159n\u00ed pohled\"<\/span><\/cite>\t\t\t<\/div>\r\n\t\t<\/div>\r\n\t\t\t\t\t\t\t\t<\/div>\r\n\t\t\t\t\t\t\t\t\t<\/div>\r\n\t\t\t\t\t\t\t<\/div>\r\n\t\t<\/div>\r\n\t\t\t\t<\/div>\r\n\t\t\t\t<\/div>\r\n\t\t\t\t<div class=\"elementor-element elementor-element-5931a723 elementor-widget elementor-widget-text-editor\" data-id=\"5931a723\" data-element_type=\"widget\" data-widget_type=\"text-editor.default\">\r\n\t\t\t\t<div class=\"elementor-widget-container\">\r\n\t\t\t\t\t\t\t\t<div class=\"elementor-text-editor elementor-clearfix\">\r\n\t\t\t\t<h1>Kalend\u00e1\u0159 procesu Discipl\u00edn \u0160koly v Parku studi\u00ed a reflexe Prav\u00edkov<\/h1><p style=\"text-align: left;\"><em>Vzhledem k nast\u00e1l\u00e9 situaci okolo Coronaviru v \u010cR a Evrop\u011b jsme byli nuceni posunout zah\u00e1jen\u00ed procesu discipl\u00edn z 4\/4\/2020 na <strong>10\/10\/2020<\/strong>.\u00a0Uveden\u00e9 term\u00edny plat\u00ed pouze v p\u0159\u00edpad\u011b, \u017ee se st\u00e1vaj\u00edc\u00ed nouzov\u00e1 situace stabilizuje a p\u0159\u00edpadn\u00e1 souvisej\u00edc\u00ed opat\u0159en\u00ed nebudou v rozporu s pr\u016fb\u011bhem procesu.<\/em><\/p><p dir=\"ltr\">&#8211; v\u0161ech 7 v\u00edkendov\u00fdch setk\u00e1n\u00ed je z\u00e1vazn\u00fdch, ve studiu lze pokra\u010dovat pouze po p\u0159\u00edtomnosti na jednotliv\u00fdch setk\u00e1n\u00edch<\/p><ol><li><p dir=\"ltr\"><strong><a href=\"https:\/\/www.facebook.com\/events\/232062984773146\/\" target=\"_blank\" rel=\"noopener noreferrer\">Setk\u00e1n\u00ed Vyrovn\u00e1v\u00e1n\u00ed:<\/a><\/strong>\u00a0<strong>10.-11.10.2020<\/strong> \u27f6\u00a0<a title=\"registrace 4\/4\" href=\"https:\/\/forms.gle\/jMs59GK86cJYMzkx7\" target=\"_blank\" rel=\"noopener noreferrer\">registrace\u00a0<\/a><\/p><\/li><li><p dir=\"ltr\"><strong>Setk\u00e1n\u00ed Vyrovn\u00e1v\u00e1n\u00ed:<\/strong>\u00a016.1.2021 \u2013 17.1. 2021<\/p><\/li><li><p dir=\"ltr\"><strong>Setk\u00e1n\u00ed Vyrovn\u00e1v\u00e1n\u00ed a p\u0159edstaven\u00ed Discipl\u00edn:<\/strong> 10.4. \u2013 11.4.2021<\/p><\/li><li><p dir=\"ltr\"><strong>Setk\u00e1n\u00ed k Discipl\u00edn\u011b (1 \u010d\u00e1st):<\/strong> 12.6. \u2013 13.6. 2021<\/p><\/li><li><p dir=\"ltr\"><strong>Setk\u00e1n\u00ed k Discipl\u00edn\u011b (2 \u010d\u00e1st):<\/strong> 11.9. \u2013 12.9. 2021<\/p><\/li><li><p dir=\"ltr\"><strong>Setk\u00e1n\u00ed k Discipl\u00edn\u011b (3 \u010d\u00e1st):<\/strong> 11.12. \u2013 12.12. 2021<\/p><\/li><li><p dir=\"ltr\"><strong>Setk\u00e1n\u00ed k zakon\u010den\u00ed Discipl\u00edn zkou\u0161kou z d\u00edla:<\/strong>\u00a019.2. \u2013 20.2. 2022<\/p><\/li><\/ol><h1>\u00a0<\/h1><h1>Co je Vyrovn\u00e1v\u00e1n\u00ed?<\/h1><p><a href=\"\/wp-content\/uploads\/2019\/11\/DSC_2847.jpg\"><img loading=\"lazy\" class=\"alignright wp-image-2497\" src=\"\/wp-content\/uploads\/2019\/11\/DSC_2847-584x390.jpg\" alt=\"\" width=\"420\" height=\"281\" \/><\/a><\/p><p dir=\"ltr\">P\u0159ed zah\u00e1jen\u00edm studia Discipl\u00edny je d\u016fle\u017eit\u00e9 proj\u00edt p\u0159\u00edpravn\u00e9, vyrovn\u00e1vac\u00ed pr\u00e1ce, kter\u00e9 sm\u011b\u0159uj\u00ed k p\u0159ekon\u00e1n\u00ed utrpen\u00ed a vnit\u0159n\u00edho n\u00e1sil\u00ed. To vy\u017eaduje pozornou a klidnou mysl bez vnit\u0159n\u00edho hluku. Pr\u00e1ce budou prov\u00e1d\u011bny bez instruktor\u016f, pro proces budou poskytov\u00e1ny pouze objas\u0148uj\u00edc\u00ed materi\u00e1ly a videa.<\/p><p dir=\"ltr\">Proces Discipl\u00edn nen\u00ed \u010dist\u011b osobn\u00ed prac\u00ed, ale tak\u00e9 spole\u010dnou prac\u00ed ve skupin\u011b.<\/p><p dir=\"ltr\">Intenzivn\u00ed sd\u00edlen\u00ed zku\u0161enost\u00ed, probl\u00e9m\u016f, objev\u016f a n\u00e1vrh\u016f s ostatn\u00edmi<br \/>urychluje cel\u00fd proces a rychlost vnit\u0159n\u00ed p\u0159em\u011bny.<\/p><p dir=\"ltr\">B\u011bhem Vyrovn\u00e1v\u00e1n\u00ed v\u0161ichni nejprve zvl\u00e1dnou spole\u010dn\u011b pou\u017e\u00edvan\u00fd jazyk, pochop\u00ed prvky z\u00e1kladn\u00edch znalost\u00ed a dos\u00e1hnou jednotnosti v porozum\u011bn\u00ed. D\u00edky tomu je mo\u017en\u00e9 vytvo\u0159it vhodn\u00e9 prost\u0159ed\u00ed a slazen\u00ed.<\/p><p dir=\"ltr\">Sou\u010d\u00e1st\u00ed Vyrovn\u00e1v\u00e1n\u00ed je studium z\u00e1klad\u016f psychologie, relaxa\u010dn\u00edch technik, sebepozn\u00e1n\u00ed, psychofyziky a zm\u011bn v chov\u00e1n\u00ed. Po dokon\u010den\u00ed p\u0159\u00edpravn\u00e9 \u010d\u00e1sti bude mo\u017enost vybrat si a rozvinout jednu ze \u010dty\u0159 Discipl\u00edn.<\/p><p dir=\"ltr\">\u00da\u010dastnit se mohou pouze lid\u00e9, kte\u0159\u00ed se z\u00fa\u010dastnili v\u0161ech p\u0159edchoz\u00edch z\u00e1vazn\u00fdch setk\u00e1n\u00ed v Parku studi\u00ed a reflexe Prav\u00edkov.<\/p><p dir=\"ltr\"><strong>1. Setk\u00e1n\u00ed:<\/strong> Sebepozn\u00e1n\u00ed, Relaxace a \u0158\u00edzen\u00e9 z\u00e1\u017eitky, Psychologie I. a II.<\/p><p dir=\"ltr\"><strong>2. Setk\u00e1n\u00ed:<\/strong> Epilog a kapitola P\u016fsoben\u00ed knihy Sebepozn\u00e1n\u00ed, Psychologie III.. a IV.<\/p><p dir=\"ltr\"><strong>3. Setk\u00e1n\u00ed:<\/strong> Shrnut\u00ed obdob\u00ed Vyrovn\u00e1v\u00e1n\u00ed, P\u0159edstaven\u00ed Discipl\u00edn<\/p><h1>\u00a0<\/h1><h1>Discipl\u00edny<a href=\"\/wp-content\/uploads\/2019\/11\/77021129_559809117930036_6126714957334577152_n.jpg\"><img loading=\"lazy\" class=\"alignright wp-image-2477\" src=\"\/wp-content\/uploads\/2019\/11\/77021129_559809117930036_6126714957334577152_n-584x592.jpg\" alt=\"\" width=\"210\" height=\"213\" \/><\/a><\/h1><p dir=\"ltr\">Discipl\u00edny se zab\u00fdvaj\u00ed z\u00e1sadn\u00ed transformac\u00ed lidsk\u00e9 bytosti.<\/p><p dir=\"ltr\">Discipl\u00edny se neu\u010d\u00ed, ka\u017ed\u00fd m\u00e1 vlastn\u00ed p\u0159\u00edstup a vytv\u00e1\u0159\u00ed svou jedine\u010dnou zku\u0161enost.<\/p><p dir=\"ltr\">Discipl\u00edny pracuj\u00ed s rutinn\u00edmi postupy, kter\u00e9 se opakuj\u00ed v ka\u017ed\u00e9 \u010d\u00e1sti procesu (kroku), dokud se nedostav\u00ed ur\u010den\u00e9 pro\u017eitky.<\/p><p dir=\"ltr\">Cel\u00fd proces je prakticky organizov\u00e1n do dvan\u00e1cti krok\u016f rozd\u011blen\u00fdch do t\u0159\u00ed \u010dtve\u0159ic. Ka\u017ed\u00fd krok m\u00e1 sv\u00e9 ozna\u010den\u00ed, p\u0159ibli\u017euj\u00edc\u00ed k ideji hledan\u00e9ho pro\u017eitku. Ka\u017ed\u00e1 \u010dtve\u0159ice vyzna\u010duje d\u016fle\u017eitou zm\u011bnu etapy (zrozen\u00ed &#8211; smrt &#8211; znovuzrozen\u00ed).<\/p><p dir=\"ltr\">Discipl\u00edny vedou jedince do hlubok\u00fdch prostor\u016f. Po ukon\u010den\u00ed pr\u00e1ce s Discipl\u00ednou jsme schopni doc\u00edlit p\u0159\u00edstupu opro\u0161t\u011bn\u00e9ho od krok\u016f, \u010dtve\u0159ic a rutinn\u00edho cvi\u010den\u00ed.<\/p><p dir=\"ltr\">Cesty, kter\u00e9 dnes zn\u00e1me, se zakl\u00e1daj\u00ed na objevech, kter\u00e9 u\u010dinily r\u016fzn\u00e9 n\u00e1rody b\u011bhem p\u0159edchoz\u00edch sedmi tis\u00edc let. Odli\u0161nost mezi jednotliv\u00fdmi zdroji je tak velik\u00e1, \u017ee nelze poznat a shrnout ve\u0161ker\u00e9 znalosti a praxi v p\u0159\u00edstupu k Hlubok\u00e9mu.<\/p><p dir=\"ltr\">Na\u0161e \u010dty\u0159i Discipl\u00edny pracuj\u00ed pomoc\u00ed manipulace s vn\u011bj\u0161\u00edmi materi\u00e1ln\u00edmi objekty (Discipl\u00edna materi\u00e1ln\u00ed), s psychofyzickou energi\u00ed (Discipl\u00edna energetick\u00e1), s ment\u00e1ln\u00edmi objekty (Discipl\u00edna ment\u00e1ln\u00ed) a s ment\u00e1ln\u00edmi formami (Discipl\u00edna morfologick\u00e1). Je zcela jasn\u00e9, \u017ee tyto discipl\u00edny nevylu\u010duj\u00ed mo\u017enost jin\u00fdch cest.<\/p><h2>\u00a0<\/h2><h2>\u010cty\u0159i Discipl\u00edny:<\/h2><table border=\"0\"><tbody><tr><td><img loading=\"lazy\" class=\"alignright wp-image-2479\" style=\"color: #000000; font-style: normal; border: 0px;\" src=\"\/wp-content\/uploads\/2019\/11\/mono-disciplina-material.jpg\" alt=\"\" width=\"163\" height=\"126\" \/><\/td><td><p dir=\"ltr\"><strong>Discipl\u00edna materi\u00e1ln\u00ed<\/strong>\u00a0je zalo\u017eena na pr\u00e1ci taoist\u016f a \u010d\u00ednsk\u00fdch buddhist\u016f, stejn\u011b jako Babylo\u0148an\u016f, Alexandrijc\u016f, Byzantinc\u016f, Arab\u016f a z\u00e1padn\u00edch myslitel\u016f. Celek t\u011bchto prac\u00ed byl ve sv\u00e9 neust\u00e1l\u00e9 p\u0159em\u011bn\u011b a deformaci zn\u00e1m jako \u201ealchymie\u201c. Ke konci 18. stolet\u00ed alchymie nen\u00e1vratn\u011b upadla a mnoh\u00e9 z jejich objev\u016f, postup\u016f a n\u00e1stroj\u016f p\u0159e\u0161ly do rukou rod\u00edc\u00ed se chemie.<\/p><\/td><td>\u00a0<\/td><\/tr><tr><td><img loading=\"lazy\" class=\"alignright wp-image-2478\" style=\"font-style: normal; color: #000000; border: 0px;\" src=\"\/wp-content\/uploads\/2019\/11\/mono-disciplina-energetica.jpg\" alt=\"\" width=\"163\" height=\"126\" \/><\/td><td><p dir=\"ltr\"><strong>Discipl\u00edna energetick\u00e1<\/strong>\u00a0nal\u00e9z\u00e1 sv\u00e9 ko\u0159eny v Mal\u00e9 Asii, odkud se orfismus a dionysmus roz\u0161\u00ed\u0159ily na Kr\u00e9tu a do \u0158ecka; ty doznaly v\u00fdznamn\u00fdch zm\u011bn, a\u017e byly nakonec vym\u00fdceny triumfuj\u00edc\u00edm k\u0159es\u0165anstv\u00edm. Fragmenty mimo\u0159\u00e1dn\u011b bohat\u00fdch zku\u0161enost\u00ed najdeme i v n\u011bkter\u00fdch \u0161ivaistick\u00fdch a tantrick\u00fdch sm\u011brech.<\/p><\/td><td>\u00a0<\/td><\/tr><tr><td><img loading=\"lazy\" class=\"alignright wp-image-2480\" style=\"color: #000000; font-style: normal; border: 0px;\" src=\"\/wp-content\/uploads\/2019\/11\/mono-disciplina-mental.jpg\" alt=\"\" width=\"163\" height=\"126\" \/><\/td><td><p dir=\"ltr\"><strong>Discipl\u00edna ment\u00e1ln\u00ed<\/strong>\u00a0nach\u00e1z\u00ed sv\u016fj nejv\u011bt\u0161\u00ed zdroj pozn\u00e1n\u00ed v Buddhismu. Aby se usnadnilo rozli\u0161ov\u00e1n\u00ed mezi ment\u00e1ln\u00edmi akty a objekty, uchyluje se k striktn\u00edmu jazyku n\u011bkter\u00fdch ze sou\u010dasn\u00fdch filosofick\u00fdch sm\u011br\u016f.<\/p><\/td><td>\u00a0<\/td><\/tr><tr><td><img loading=\"lazy\" class=\"alignright wp-image-2481\" style=\"font-style: normal; color: #000000; border: 0px;\" src=\"\/wp-content\/uploads\/2019\/11\/mono-disciplina-morfologica.jpg\" alt=\"\" width=\"163\" height=\"126\" \/><\/td><td><strong>Discipl\u00edna morfologick\u00e1<\/strong>\u00a0nach\u00e1z\u00ed sv\u00e9 v\u00fdznamn\u00e9 p\u0159edch\u016fdce v n\u011bkter\u00fdch my\u0161lenkov\u00fdch sm\u011brech pre-antick\u00e9ho my\u0161len\u00ed, kter\u00e9 vykvetly pod \u201eorient\u00e1ln\u00edm\u201c vlivem Egypta, Mal\u00e9 Asie a Mezopot\u00e1mie, jako v p\u0159\u00edpad\u011b pythagorejsk\u00e9 \u0161koly.<\/td><td>\u00a0<\/td><\/tr><\/tbody><\/table><p dir=\"ltr\"><strong>4. Setk\u00e1n\u00ed:<\/strong> p\u0159edstaven\u00ed prvn\u00ed \u010dtve\u0159ice krok\u016f<\/p><p dir=\"ltr\"><strong>5. Setk\u00e1n\u00ed:<\/strong> p\u0159edstaven\u00ed druh\u00e9 \u010dtve\u0159ice krok\u016f.<\/p><p dir=\"ltr\"><strong>6. Setk\u00e1n\u00ed:<\/strong> p\u0159edstaven\u00ed t\u0159et\u00ed \u010dtve\u0159ice krok\u016f<\/p><p dir=\"ltr\"><strong>7. Setk\u00e1n\u00ed:<\/strong> zakon\u010den\u00ed Discipl\u00edny<\/p><p dir=\"ltr\">\u00a0<\/p><p dir=\"ltr\"><strong>OBECN\u00c1 DOPORU\u010cEN\u00cd PRO UCHAZE\u010cE<\/strong><\/p><ul><li><p dir=\"ltr\"><em>Pokra\u010dovat ve vlastn\u00edch aktivit\u00e1ch. Proces Disc\u00edpl\u00edn by nem\u011bl ovliv\u0148ovat aktivity, kter\u00e9 ka\u017ed\u00fd jednotlivec m\u00e1 v jin\u00fdch oblastech. Naopak by vlastn\u00edm aktivit\u00e1m m\u011bl b\u00fdt d\u00e1n stejn\u00fd entuziasmus jako pr\u00e1ci na vyrovn\u00e1v\u00e1n\u00ed \u00farovn\u011b, kter\u00e1 by m\u011bla b\u00fdt co nejv\u00edce za\u010dlen\u011bna do b\u011b\u017en\u00e9ho \u017eivota. Zku\u0161enosti z t\u011bchto prac\u00ed by m\u011bly b\u00fdt vyu\u017e\u00edv\u00e1ny k \u0159e\u0161en\u00ed p\u0159ek\u00e1\u017eek, jim\u017e \u010del\u00edme.<\/em><\/p><\/li><\/ul><ul><li><p dir=\"ltr\"><em>Doporu\u010dujeme se zdr\u017eet u\u017e\u00edv\u00e1n\u00ed psychotropn\u00edch drog, alkoholu a lehk\u00fdch drog, jeliko\u017e jejich u\u017e\u00edv\u00e1n\u00ed znesnad\u0148uje vyrovn\u00e1vac\u00ed pr\u00e1ce a pr\u00e1ce v Discipl\u00edn\u011b.<\/em><\/p><\/li><\/ul><ul><li><p dir=\"ltr\"><em>Pro duch t\u011bchto prac\u00ed je nepostradateln\u00e9 vytvo\u0159it laskav\u00e9 a ohledupln\u00e9 prost\u0159ed\u00ed. Vzhledem k tomu, jak\u00e9 pr\u00e1ce se budou v r\u016fzn\u00fdch momentech vyrovn\u00e1v\u00e1n\u00ed a discipl\u00edn d\u011blat, p\u0159ipom\u00edn\u00e1me, \u017ee d\u016fv\u011brnost a diskr\u00e9tnost vytv\u00e1\u0159\u00ed dobr\u00e9 podm\u00ednky pro pr\u00e1ci.<\/em><\/p><\/li><\/ul><ul><li><p dir=\"ltr\"><em>Uspo\u0159\u00e1d\u00e1n\u00ed osobn\u00edch oblast\u00ed \u017eivota umo\u017en\u00ed m\u00edt pot\u0159ebn\u00fd prostor pro budouc\u00ed pr\u00e1ce.<\/em><\/p><\/li><\/ul>\t\t\t\t\t<\/div>\r\n\t\t\t\t\t\t<\/div>\r\n\t\t\t\t<\/div>\r\n\t\t\t\t\t\t<\/div>\r\n\t\t\t\t\t<\/div>\r\n\t\t<\/div>\r\n\t\t\t\t\t\t\t\t<\/div>\r\n\t\t\t\t\t<\/div>\r\n\t\t<\/section>\r\n\t\t\t\t\t\t<\/div>\r\n\t\t\t\t\t\t<\/div>\r\n\t\t\t\t\t<\/div>","protected":false},"excerpt":{"rendered":"<p>Proces Discipl\u00edn Proces Discipl\u00edn \u0160koly v Parku Prav\u00edkov se otev\u00edr\u00e1 pro nov\u00e9 uchaze\u010de \u2013 2020 \u201eVnit\u0159n\u00ed skute\u010dnost\u201c je schov\u00e1na pod ruchem a rozpt\u00fdlen\u00edm z ka\u017edodenn\u00edho \u017eivota.Ji\u017e od prad\u00e1vna \u010dlov\u011bk hled\u00e1 cesty, jak se propojit s touto hloubkou lidsk\u00e9ho v\u011bdom\u00ed.Discipl\u00edny \u0160koly maj\u00ed za c\u00edl p\u0159ibl\u00ed\u017eit toho, kdo je praktikuje, k pro\u017eitk\u016fm Hlubok\u00e9ho \u2013 k z\u00e1sadn\u00ed vnit\u0159n\u00ed [&hellip;]<\/p>","protected":false},"author":30,"featured_media":0,"parent":0,"menu_order":0,"comment_status":"closed","ping_status":"closed","template":"","meta":[],"_links":{"self":[{"href":"http:\/\/parkpravikov.cz\/es\/wp-json\/wp\/v2\/pages\/2474"}],"collection":[{"href":"http:\/\/parkpravikov.cz\/es\/wp-json\/wp\/v2\/pages"}],"about":[{"href":"http:\/\/parkpravikov.cz\/es\/wp-json\/wp\/v2\/types\/page"}],"author":[{"embeddable":true,"href":"http:\/\/parkpravikov.cz\/es\/wp-json\/wp\/v2\/users\/30"}],"replies":[{"embeddable":true,"href":"http:\/\/parkpravikov.cz\/es\/wp-json\/wp\/v2\/comments?post=2474"}],"version-history":[{"count":85,"href":"http:\/\/parkpravikov.cz\/es\/wp-json\/wp\/v2\/pages\/2474\/revisions"}],"predecessor-version":[{"id":3704,"href":"http:\/\/parkpravikov.cz\/es\/wp-json\/wp\/v2\/pages\/2474\/revisions\/3704"}],"wp:attachment":[{"href":"http:\/\/parkpravikov.cz\/es\/wp-json\/wp\/v2\/media?parent=2474"}],"curies":[{"name":"wp","href":"https:\/\/api.w.org\/{rel}","templated":true}]}}