{"id":4321,"date":"2022-02-28T11:12:17","date_gmt":"2022-02-28T11:12:17","guid":{"rendered":"http:\/\/parkpravikov.cz\/?page_id=4321"},"modified":"2023-04-17T08:59:11","modified_gmt":"2023-04-17T08:59:11","slug":"kontakt-2","status":"publish","type":"page","link":"http:\/\/parkpravikov.cz\/en\/kontakt-2\/","title":{"rendered":"Contact"},"content":{"rendered":"<div data-elementor-type=\"wp-page\" data-elementor-id=\"4321\" class=\"elementor elementor-4321\" data-elementor-settings=\"[]\">\r\n\t\t\t\t\t\t<div class=\"elementor-inner\">\r\n\t\t\t\t\t\t\t<div class=\"elementor-section-wrap\">\r\n\t\t\t\t\t\t\t<section class=\"elementor-section elementor-top-section elementor-element elementor-element-1cb7c45a elementor-section-boxed elementor-section-height-default elementor-section-height-default\" data-id=\"1cb7c45a\" data-element_type=\"section\">\r\n\t\t\t\t\t\t<div class=\"elementor-container elementor-column-gap-default\">\r\n\t\t\t\t\t\t\t<div class=\"elementor-row\">\r\n\t\t\t\t\t<div class=\"elementor-column elementor-col-100 elementor-top-column elementor-element elementor-element-7000b40f\" data-id=\"7000b40f\" data-element_type=\"column\">\r\n\t\t\t<div class=\"elementor-column-wrap elementor-element-populated\">\r\n\t\t\t\t\t\t\t<div class=\"elementor-widget-wrap\">\r\n\t\t\t\t\t\t<div class=\"elementor-element elementor-element-4341862 elementor-widget elementor-widget-text-editor\" data-id=\"4341862\" data-element_type=\"widget\" data-widget_type=\"text-editor.default\">\r\n\t\t\t\t<div class=\"elementor-widget-container\">\r\n\t\t\t\t\t\t\t\t<div class=\"elementor-text-editor elementor-clearfix\">\r\n\t\t\t\t<p style=\"text-align: center;\">E-mail: <a href=\"mailto:info@parkpravikov.cz\">info@parkpravikov.cz<\/a><\/p>\t\t\t\t\t<\/div>\r\n\t\t\t\t\t\t<\/div>\r\n\t\t\t\t<\/div>\r\n\t\t\t\t<div class=\"elementor-element elementor-element-475ab983 elementor-widget elementor-widget-text-editor\" data-id=\"475ab983\" data-element_type=\"widget\" data-widget_type=\"text-editor.default\">\r\n\t\t\t\t<div class=\"elementor-widget-container\">\r\n\t\t\t\t\t\t\t\t<div class=\"elementor-text-editor elementor-clearfix\">\r\n\t\t\t\t<p><span style=\"color: var( --e-global-color-text ); font-size: 1em;\"><img loading=\"lazy\" class=\"alignright\" style=\"font-size: 1em;\" src=\"https:\/\/parkpravikov.cz\/wp-content\/uploads\/2022\/02\/QR_park.png\" alt=\"\" width=\"183\" height=\"183\" \/>You can send donations to the Park of Study and reflection to our transparent bank account: 2500074734\/2010. <\/span><strong style=\"color: var( --e-global-color-text ); font-size: 1em;\">2500074734\/2010<\/strong><span style=\"color: var( --e-global-color-text ); font-size: 1em;\">.<\/span><\/p><p>You can also donate money through this QR code:<\/p><p>You can check the balance of our transparent bank account <a title=\"here\" href=\"https:\/\/ib.fio.cz\/ib\/transparent?a=2500074734\" target=\"_blank\" rel=\"noopener noreferrer\">na t\u00e9to str\u00e1nce<\/a>.<\/p><p>*\u00a0PayPal:\u00a0info@parkpravikov.cz<\/p><p>Asociace F\u00e9nix, o.p.s.<br \/>I\u010cO: 22863508, Po\u0161tovn\u00ed adresa:\u00a0Na Slupi 5, 128 00 Praha 2<\/p><p>Address of the Park of Study and Reflection Prav\u00edkov:<\/p><p>Prav\u00edkov 18, 394 70 Kamenice nad Lipou, Czechia<\/p>\t\t\t\t\t<\/div>\r\n\t\t\t\t\t\t<\/div>\r\n\t\t\t\t<\/div>\r\n\t\t\t\t<div class=\"elementor-element elementor-element-d33920b elementor-widget elementor-widget-heading\" data-id=\"d33920b\" data-element_type=\"widget\" data-widget_type=\"heading.default\">\r\n\t\t\t\t<div class=\"elementor-widget-container\">\r\n\t\t\t<h2 class=\"elementor-heading-title elementor-size-default\">Contact Us<\/h2>\t\t<\/div>\r\n\t\t\t\t<\/div>\r\n\t\t\t\t<div class=\"elementor-element elementor-element-e26dd87 elementor-button-align-stretch elementor-widget elementor-widget-form\" data-id=\"e26dd87\" data-element_type=\"widget\" data-settings=\"{&quot;step_next_label&quot;:&quot;Next&quot;,&quot;step_previous_label&quot;:&quot;Previous&quot;,&quot;button_width&quot;:&quot;100&quot;,&quot;step_type&quot;:&quot;number_text&quot;,&quot;step_icon_shape&quot;:&quot;circle&quot;}\" data-widget_type=\"form.default\">\r\n\t\t\t\t<div class=\"elementor-widget-container\">\r\n\t\t\t\t\t<form class=\"elementor-form\" method=\"post\" id=\"1\" name=\"New Form\" action=\"\">\r\n\t\t\t<input type=\"hidden\" name=\"post_id\" value=\"4321\"\/>\r\n\t\t\t<input type=\"hidden\" name=\"form_id\" value=\"e26dd87\"\/>\r\n\t\t\t<input type=\"hidden\" name=\"referer_title\" value=\"\" \/>\r\n\r\n\t\t\t\r\n\t\t\t<div class=\"elementor-form-fields-wrapper elementor-labels-\">\r\n\t\t\t\t\t\t\t\t<div class=\"elementor-field-type-text elementor-field-group elementor-column elementor-field-group-field_c8c6cdc elementor-col-100 elementor-field-required\">\r\n\t\t\t\t\t<label for=\"form-field-field_c8c6cdc\" class=\"elementor-field-label elementor-screen-only\">Name<\/label><input size=\"1\" type=\"text\" name=\"form_fields[field_c8c6cdc]\" id=\"form-field-field_c8c6cdc\" class=\"elementor-field elementor-size-xs  elementor-field-textual\" placeholder=\"Name\" required=\"required\" aria-required=\"true\">\t\t\t\t<\/div>\r\n\t\t\t\t\t\t\t\t<div class=\"elementor-field-type-email elementor-field-group elementor-column elementor-field-group-email elementor-col-100 elementor-field-required\">\r\n\t\t\t\t\t<label for=\"form-field-email\" class=\"elementor-field-label elementor-screen-only\">Email<\/label><input size=\"1\" type=\"email\" name=\"form_fields[email]\" id=\"form-field-email\" class=\"elementor-field elementor-size-xs  elementor-field-textual\" placeholder=\"Email\" required=\"required\" aria-required=\"true\">\t\t\t\t<\/div>\r\n\t\t\t\t\t\t\t\t<div class=\"elementor-field-type-textarea elementor-field-group elementor-column elementor-field-group-message elementor-col-100 elementor-field-required\">\r\n\t\t\t\t\t<label for=\"form-field-message\" class=\"elementor-field-label elementor-screen-only\">Message<\/label><textarea class=\"elementor-field-textual elementor-field  elementor-size-xs\" name=\"form_fields[message]\" id=\"form-field-message\" rows=\"3\" placeholder=\"Message\" required=\"required\" aria-required=\"true\"><\/textarea>\t\t\t\t<\/div>\r\n\t\t\t\t\t\t\t\t<div class=\"elementor-field-type-recaptcha elementor-field-group elementor-column elementor-field-group-field_b16ae04 elementor-col-100\">\r\n\t\t\t\t\t<div class=\"elementor-field\" id=\"form-field-field_b16ae04\"><div class=\"elementor-g-recaptcha\" data-sitekey=\"6Lez1Y4UAAAAAEqlf9NX3I2QU39ZHsVlJSTrz_dr\" data-type=\"v2_checkbox\" data-theme=\"light\" data-size=\"normal\"><\/div><\/div>\t\t\t\t<\/div>\r\n\t\t\t\t\t\t\t\t<div class=\"elementor-field-group elementor-column elementor-field-type-submit elementor-col-100 e-form__buttons\">\r\n\t\t\t\t\t<button type=\"submit\" class=\"elementor-button elementor-size-xs\">\r\n\t\t\t\t\t\t<span >\r\n\t\t\t\t\t\t\t\t\t\t\t\t\t\t\t<span class=\"elementor-button-icon\">\r\n\t\t\t\t\t\t\t\t\t\t\t\t\t\t\t\t\t\t\t\t\t\t\t\t\t\t<\/span>\r\n\t\t\t\t\t\t\t\t\t\t\t\t\t\t\t\t\t\t\t\t\t\t<span class=\"elementor-button-text\">Send<\/span>\r\n\t\t\t\t\t\t\t\t\t\t\t\t\t<\/span>\r\n\t\t\t\t\t<\/button>\r\n\t\t\t\t<\/div>\r\n\t\t\t<\/div>\r\n\t\t<input type=\"hidden\" name=\"trp-form-language\" value=\"en\"\/><\/form>\r\n\t\t\t\t<\/div>\r\n\t\t\t\t<\/div>\r\n\t\t\t\t\t\t<\/div>\r\n\t\t\t\t\t<\/div>\r\n\t\t<\/div>\r\n\t\t\t\t\t\t\t\t<\/div>\r\n\t\t\t\t\t<\/div>\r\n\t\t<\/section>\r\n\t\t\t\t<section class=\"elementor-section elementor-top-section elementor-element elementor-element-9703ad1 elementor-section-boxed elementor-section-height-default elementor-section-height-default\" data-id=\"9703ad1\" data-element_type=\"section\">\r\n\t\t\t\t\t\t<div class=\"elementor-container elementor-column-gap-default\">\r\n\t\t\t\t\t\t\t<div class=\"elementor-row\">\r\n\t\t\t\t\t<div class=\"elementor-column elementor-col-100 elementor-top-column elementor-element elementor-element-4a23a9e\" data-id=\"4a23a9e\" data-element_type=\"column\">\r\n\t\t\t<div class=\"elementor-column-wrap elementor-element-populated\">\r\n\t\t\t\t\t\t\t<div class=\"elementor-widget-wrap\">\r\n\t\t\t\t\t\t<div class=\"elementor-element elementor-element-20dfe54 elementor-widget elementor-widget-google_maps\" data-id=\"20dfe54\" data-element_type=\"widget\" data-widget_type=\"google_maps.default\">\r\n\t\t\t\t<div class=\"elementor-widget-container\">\r\n\t\t\t\t\t<div class=\"elementor-custom-embed\">\r\n\t\t\t<iframe frameborder=\"0\" scrolling=\"no\" marginheight=\"0\" marginwidth=\"0\"\r\n\t\t\t\t\tsrc=\"https:\/\/maps.google.com\/maps?q=Park%20studi%C3%AD%20a%20reflexe%20Prav%C3%ADkov&#038;t=m&#038;z=10&#038;output=embed&#038;iwloc=near\"\r\n\t\t\t\t\ttitle=\"Park studi\u00ed a reflexe Prav\u00edkov\"\r\n\t\t\t\t\taria-label=\"Park studi\u00ed a reflexe Prav\u00edkov\"\r\n\t\t\t><\/iframe>\r\n\t\t<\/div>\r\n\t\t\t\t<\/div>\r\n\t\t\t\t<\/div>\r\n\t\t\t\t<div class=\"elementor-element elementor-element-93650c0 elementor-widget elementor-widget-heading\" data-id=\"93650c0\" data-element_type=\"widget\" data-widget_type=\"heading.default\">\r\n\t\t\t\t<div class=\"elementor-widget-container\">\r\n\t\t\t<h2 class=\"elementor-heading-title elementor-size-default\">How to get to the Park<\/h2>\t\t<\/div>\r\n\t\t\t\t<\/div>\r\n\t\t\t\t\t\t<\/div>\r\n\t\t\t\t\t<\/div>\r\n\t\t<\/div>\r\n\t\t\t\t\t\t\t\t<\/div>\r\n\t\t\t\t\t<\/div>\r\n\t\t<\/section>\r\n\t\t\t\t<section class=\"elementor-section elementor-top-section elementor-element elementor-element-f01b632 elementor-section-boxed elementor-section-height-default elementor-section-height-default\" data-id=\"f01b632\" data-element_type=\"section\">\r\n\t\t\t\t\t\t<div class=\"elementor-container elementor-column-gap-default\">\r\n\t\t\t\t\t\t\t<div class=\"elementor-row\">\r\n\t\t\t\t\t<div class=\"elementor-column elementor-col-100 elementor-top-column elementor-element elementor-element-d35cb67\" data-id=\"d35cb67\" data-element_type=\"column\">\r\n\t\t\t<div class=\"elementor-column-wrap elementor-element-populated\">\r\n\t\t\t\t\t\t\t<div class=\"elementor-widget-wrap\">\r\n\t\t\t\t\t\t<div class=\"elementor-element elementor-element-e0aa8a6 elementor-widget elementor-widget-text-editor\" data-id=\"e0aa8a6\" data-element_type=\"widget\" data-widget_type=\"text-editor.default\">\r\n\t\t\t\t<div class=\"elementor-widget-container\">\r\n\t\t\t\t\t\t\t\t<div class=\"elementor-text-editor elementor-clearfix\">\r\n\t\t\t\t<section data-id=\"50a90fe\" data-element_type=\"section\"><div><div><div data-id=\"41aa5cd\" data-element_type=\"column\"><div><div><div data-id=\"9991c91\" data-element_type=\"widget\" data-widget_type=\"text-editor.default\"><div><div><p>The village of Prav\u00edkov is located on road No. 34 between Pelh\u0159imov and Kamenice nad Lipou. From the main road, turn right at the bus stop (if you are coming from Pelh\u0159imov) and drive approx. 200 m; You can recognize the Park of Studies and Reflections by the large white sign.<\/p><p>There is a direct bus from Prague-Roztyl to Prav\u00edkov, when traveling by bus from Brno it is necessary to change in Pelh\u0159imov. Alternatively, it is possible to go to Kamenice nad Lipou and walk about 4 km.<\/p><\/div><\/div><\/div><\/div><\/div><\/div><\/div><\/div><\/section>\t\t\t\t\t<\/div>\r\n\t\t\t\t\t\t<\/div>\r\n\t\t\t\t<\/div>\r\n\t\t\t\t\t\t<\/div>\r\n\t\t\t\t\t<\/div>\r\n\t\t<\/div>\r\n\t\t\t\t\t\t\t\t<\/div>\r\n\t\t\t\t\t<\/div>\r\n\t\t<\/section>\r\n\t\t\t\t\t\t<\/div>\r\n\t\t\t\t\t\t<\/div>\r\n\t\t\t\t\t<\/div>","protected":false},"excerpt":{"rendered":"<p>E-mail: info@parkpravikov.cz P\u0159\u00edsp\u011bvky na Park studi\u00ed a reflexe lze pos\u00edlat na transparentn\u00ed d\u00e1rcovsk\u00fd \u00fa\u010det: 2500074734\/2010. P\u0159isp\u011bt m\u016f\u017eete i pomoc\u00ed QR k\u00f3du vpravo: Aktu\u00e1ln\u00ed stav \u00fa\u010dtu Asociace F\u00e9nix lze sledovat na t\u00e9to str\u00e1nce. *\u00a0PayPal:\u00a0info@parkpravikov.cz Asociace F\u00e9nix, o.p.s.I\u010cO: 22863508, Po\u0161tovn\u00ed adresa:\u00a0Na Slupi 5, 128 00 Praha 2 Adresa Parku studi\u00ed a reflexe Prav\u00edkov: Prav\u00edkov 18, 394 70 [&hellip;]<\/p>","protected":false},"author":11,"featured_media":0,"parent":0,"menu_order":0,"comment_status":"closed","ping_status":"closed","template":"","meta":[],"_links":{"self":[{"href":"http:\/\/parkpravikov.cz\/en\/wp-json\/wp\/v2\/pages\/4321"}],"collection":[{"href":"http:\/\/parkpravikov.cz\/en\/wp-json\/wp\/v2\/pages"}],"about":[{"href":"http:\/\/parkpravikov.cz\/en\/wp-json\/wp\/v2\/types\/page"}],"author":[{"embeddable":true,"href":"http:\/\/parkpravikov.cz\/en\/wp-json\/wp\/v2\/users\/11"}],"replies":[{"embeddable":true,"href":"http:\/\/parkpravikov.cz\/en\/wp-json\/wp\/v2\/comments?post=4321"}],"version-history":[{"count":42,"href":"http:\/\/parkpravikov.cz\/en\/wp-json\/wp\/v2\/pages\/4321\/revisions"}],"predecessor-version":[{"id":4726,"href":"http:\/\/parkpravikov.cz\/en\/wp-json\/wp\/v2\/pages\/4321\/revisions\/4726"}],"wp:attachment":[{"href":"http:\/\/parkpravikov.cz\/en\/wp-json\/wp\/v2\/media?parent=4321"}],"curies":[{"name":"wp","href":"https:\/\/api.w.org\/{rel}","templated":true}]}}